{"id":43,"date":"2026-04-10T08:24:37","date_gmt":"2026-04-10T08:24:37","guid":{"rendered":"http:\/\/lamaisonhf.cluster021.hosting.ovh.net\/?page_id=43"},"modified":"2026-04-20T13:16:28","modified_gmt":"2026-04-20T13:16:28","slug":"notre-mission","status":"publish","type":"page","link":"https:\/\/lamaisondelamaille.com\/index.php\/notre-mission\/","title":{"rendered":"Notre mission"},"content":{"rendered":"\t\t<div data-elementor-type=\"wp-page\" data-elementor-id=\"43\" class=\"elementor elementor-43\">\n\t\t\t\t<div class=\"elementor-element elementor-element-bee68e7 e-con-full e-flex e-con e-parent\" data-id=\"bee68e7\" data-element_type=\"container\" data-e-type=\"container\">\n\t\t\t\t\t\t\t<h2 \n\t\tdata-interaction-id=\"84a6deb\" \n\t\tclass=\"e-84a6deb-0f9cf6e e-heading-base\" \n\t\t \n\t\t\n\t>\n\t\n\t\t\tNOTRE MISSION\n\t\t<\/h2>\n\t\t\t\t\t\t\t<h2 \n\t\tdata-interaction-id=\"3dc3e97\" \n\t\tclass=\"e-3dc3e97-3cbf514 e-heading-base\" \n\t\t \n\t\t\n\t>\n\t\n\t\t\tSublimer les lieux par l'art du tricot d'exception\n\t\t<\/h2>\n\t\t\t\t\t\t\t\t<p class=\"e-ccb83be-804f17e e-paragraph-base\" data-interaction-id=\"ccb83be\"  >\n\t\t\t\t\t\t\t\tChaque projet commence par une <strong>compr\u00e9hension attentive du lieu et de son intention d\u00e9corative<\/strong>.<br>Les mati\u00e8res, les textures, les motifs et les coloris sont pens\u00e9s pour dialoguer avec l\u2019architecture int\u00e9rieure et contribuer \u00e0 l\u2019identit\u00e9 des espaces.\n\t\t\t\t\t<\/p>\n\t\t\t\t<\/div>\n\t\t\t\t<div class=\"elementor-element elementor-element-7cf022b e-con e-atomic-element e-flexbox-base e-7cf022b-a5d54f8\" data-id=\"7cf022b\" data-element_type=\"e-flexbox\" data-e-type=\"e-flexbox\" data-interaction-id=\"7cf022b\">\n\t\t\t\t\t\n<hr class=\"e-13499d3-002e2d6 e-divider-base\" data-interaction-id=\"13499d3\"   \/>\n\t\t\t\t<\/div>\n\t\t<div class=\"elementor-element elementor-element-df5de3c e-flex e-con-boxed e-con e-parent\" data-id=\"df5de3c\" data-element_type=\"container\" data-e-type=\"container\">\n\t\t\t\t\t<div class=\"e-con-inner\">\n\t\t<div class=\"elementor-element elementor-element-163dbf9 e-con-full e-flex e-con e-child\" data-id=\"163dbf9\" data-element_type=\"container\" data-e-type=\"container\">\n\t\t\t\t\t\t\t\t<p class=\"e-ccd891b-0699a14 e-paragraph-base\" data-interaction-id=\"ccd891b\"  >\n\t\t\t\t\t\t\t\tLa Maison de la Maille porte <strong>l\u2019art du tricot d\u2019exception<\/strong> au service d\u2019une d\u00e9coration unique et cr\u00e9ative, gr\u00e2ce au savoir-faire de son propre atelier coop\u00e9ratif, la <strong>Scop Maille Cr\u00e9ation<\/strong>, situ\u00e9e en Mayenne (France) et reconnue pour son excellence depuis plus de<strong> 30 ans<\/strong>.\n\t\t\t\t\t<\/p>\n\t\t\t\t<\/div>\n\t\t<div class=\"elementor-element elementor-element-f755e42 e-con-full e-flex e-con e-child\" data-id=\"f755e42\" data-element_type=\"container\" data-e-type=\"container\">\n\t\t\t\t\t\t\t\n\t\t<img class=\"e-image-base e-084514e-31cafbe\" \n\t\t\t\t\tdata-interaction-id=\"084514e\" \n\t\t \n\t\t \n\t\t\t\t\t\t\t\t\tid=\"614\"\n\t\t\t\t\t\t\t\t\t\t\t\tsrc=\"https:\/\/lamaisondelamaille.com\/wp-content\/uploads\/2026\/04\/tricot-fabrique-en-france-echantillon-maille-768x512.jpg\"\n\t\t\t\t\t\t\t\t\t\t\t\twidth=\"768\"\n\t\t\t\t\t\t\t\t\t\t\t\theight=\"512\"\n\t\t\t\t\t\t\t\t\t\t\t\tsrcset=\"https:\/\/lamaisondelamaille.com\/wp-content\/uploads\/2026\/04\/tricot-fabrique-en-france-echantillon-maille-768x512.jpg 768w, https:\/\/lamaisondelamaille.com\/wp-content\/uploads\/2026\/04\/tricot-fabrique-en-france-echantillon-maille-300x200.jpg 300w, https:\/\/lamaisondelamaille.com\/wp-content\/uploads\/2026\/04\/tricot-fabrique-en-france-echantillon-maille-1024x683.jpg 1024w, https:\/\/lamaisondelamaille.com\/wp-content\/uploads\/2026\/04\/tricot-fabrique-en-france-echantillon-maille.jpg 1440w\"\n\t\t\t\t\t\t\t\t\t\t\t\talt=\"\"\n\t\t\t\t\t\t\/>\n\t\t\t\t\t<\/div>\n\t\t\t\t\t<\/div>\n\t\t\t\t<\/div>\n\t\t\t\t<div class=\"elementor-element elementor-element-5de1522 e-con e-atomic-element e-flexbox-base e-5de1522-768e716\" data-id=\"5de1522\" data-element_type=\"e-flexbox\" data-e-type=\"e-flexbox\" data-interaction-id=\"5de1522\">\n\t\t\t\t\t\n<hr class=\"e-bed1db1-0e41659 e-divider-base\" data-interaction-id=\"bed1db1\"   \/>\n\t\t\t\t<\/div>\n\t\t<div class=\"elementor-element elementor-element-449a27b e-flex e-con-boxed e-con e-parent\" data-id=\"449a27b\" data-element_type=\"container\" data-e-type=\"container\">\n\t\t\t\t\t<div class=\"e-con-inner\">\n\t\t<div class=\"elementor-element elementor-element-0cabadc e-con-full e-flex e-con e-child\" data-id=\"0cabadc\" data-element_type=\"container\" data-e-type=\"container\">\n\t\t\t\t\t\t\t\n\t\t<img class=\"e-image-base e-43f4dd5-03fdc42\" \n\t\t\t\t\tdata-interaction-id=\"43f4dd5\" \n\t\t \n\t\t \n\t\t\t\t\t\t\t\t\tid=\"616\"\n\t\t\t\t\t\t\t\t\t\t\t\tsrc=\"https:\/\/lamaisondelamaille.com\/wp-content\/uploads\/2026\/04\/moodboard-creation-maille-excellence-768x632.jpg\"\n\t\t\t\t\t\t\t\t\t\t\t\twidth=\"768\"\n\t\t\t\t\t\t\t\t\t\t\t\theight=\"632\"\n\t\t\t\t\t\t\t\t\t\t\t\tsrcset=\"https:\/\/lamaisondelamaille.com\/wp-content\/uploads\/2026\/04\/moodboard-creation-maille-excellence-768x632.jpg 768w, https:\/\/lamaisondelamaille.com\/wp-content\/uploads\/2026\/04\/moodboard-creation-maille-excellence-300x247.jpg 300w, https:\/\/lamaisondelamaille.com\/wp-content\/uploads\/2026\/04\/moodboard-creation-maille-excellence-1024x843.jpg 1024w, https:\/\/lamaisondelamaille.com\/wp-content\/uploads\/2026\/04\/moodboard-creation-maille-excellence.jpg 1535w\"\n\t\t\t\t\t\t\t\t\t\t\t\talt=\"\"\n\t\t\t\t\t\t\/>\n\t\t\t\t\t<\/div>\n\t\t<div class=\"elementor-element elementor-element-cc032fe e-con-full e-flex e-con e-child\" data-id=\"cc032fe\" data-element_type=\"container\" data-e-type=\"container\">\n\t\t\t\t\t\t\t\t<p class=\"e-79044f6-9fc2078 e-paragraph-base\" data-interaction-id=\"79044f6\"  >\n\t\t\t\t\t\t\t\tNotre \u00e9quipe d\u00e9di\u00e9e \u00e0 l\u2019hospitalit\u00e9 accompagne <strong>architectes, d\u00e9corateurs et maisons h\u00f4teli\u00e8res <\/strong>dans la conception de pi\u00e8ces tricot\u00e9es uniques.<br><br>De la recherche de concepts au d\u00e9veloppement d\u2019\u00e9chantillons, jusqu\u2019\u00e0 la mise au point technique et la production, chaque \u00e9tape est pens\u00e9e avec exigence.\n\t\t\t\t\t<\/p>\n\t\t\t\t<\/div>\n\t\t\t\t\t<\/div>\n\t\t\t\t<\/div>\n\t\t\t\t<div class=\"elementor-element elementor-element-b0cd7f3 e-con e-atomic-element e-flexbox-base e-b0cd7f3-5f527d8\" data-id=\"b0cd7f3\" data-element_type=\"e-flexbox\" data-e-type=\"e-flexbox\" data-interaction-id=\"b0cd7f3\">\n\t\t\t\t\t\n<hr class=\"e-3b15479-5ff5186 e-divider-base\" data-interaction-id=\"3b15479\"   \/>\n\t\t\t\t<\/div>\n\t\t<div class=\"elementor-element elementor-element-755a073 e-flex e-con-boxed e-con e-parent\" data-id=\"755a073\" data-element_type=\"container\" data-e-type=\"container\">\n\t\t\t\t\t<div class=\"e-con-inner\">\n\t\t<div class=\"elementor-element elementor-element-eccb82b e-con-full e-flex e-con e-child\" data-id=\"eccb82b\" data-element_type=\"container\" data-e-type=\"container\">\n\t\t\t\t\t\t\t\t<p class=\"e-8a717ce-7e3be77 e-paragraph-base\" data-interaction-id=\"8a717ce\"  >\n\t\t\t\t\t\t\t\t<strong id=\"e-mo2qu50u-k9uyls6\">Plaids, jet\u00e9s de lit, coussins, ch\u00e2les et accessoires sur-mesure<\/strong>, en mati\u00e8res naturelles et recycl\u00e9es, s\u2019int\u00e8grent comme de v\u00e9ritables composantes d\u2019une esth\u00e9tique et d\u2019une exp\u00e9rience client d\u2019exception.\n\t\t\t\t\t<\/p>\n\t\t\t\t<\/div>\n\t\t<div class=\"elementor-element elementor-element-a6ab3f5 e-con-full e-flex e-con e-child\" data-id=\"a6ab3f5\" data-element_type=\"container\" data-e-type=\"container\">\n\t\t\t\t\t\t\t\n\t\t<img class=\"e-image-base e-01f9851-f7733e0\" \n\t\t\t\t\tdata-interaction-id=\"01f9851\" \n\t\t \n\t\t \n\t\t\t\t\t\t\t\t\tid=\"190\"\n\t\t\t\t\t\t\t\t\t\t\t\tsrc=\"https:\/\/lamaisondelamaille.com\/wp-content\/uploads\/2026\/04\/hotel-flaubert-chambre-plaid-laine-recyclee-768x512.jpg\"\n\t\t\t\t\t\t\t\t\t\t\t\twidth=\"768\"\n\t\t\t\t\t\t\t\t\t\t\t\theight=\"512\"\n\t\t\t\t\t\t\t\t\t\t\t\tsrcset=\"https:\/\/lamaisondelamaille.com\/wp-content\/uploads\/2026\/04\/hotel-flaubert-chambre-plaid-laine-recyclee-768x512.jpg 768w, https:\/\/lamaisondelamaille.com\/wp-content\/uploads\/2026\/04\/hotel-flaubert-chambre-plaid-laine-recyclee-300x200.jpg 300w, https:\/\/lamaisondelamaille.com\/wp-content\/uploads\/2026\/04\/hotel-flaubert-chambre-plaid-laine-recyclee-1024x683.jpg 1024w, https:\/\/lamaisondelamaille.com\/wp-content\/uploads\/2026\/04\/hotel-flaubert-chambre-plaid-laine-recyclee.jpg 1378w\"\n\t\t\t\t\t\t\t\t\t\t\t\talt=\"\"\n\t\t\t\t\t\t\/>\n\t\t\t\t\t<\/div>\n\t\t\t\t\t<\/div>\n\t\t\t\t<\/div>\n\t\t\t\t<div class=\"elementor-element elementor-element-9e88f14 e-con e-atomic-element e-flexbox-base e-9e88f14-cf59789\" data-id=\"9e88f14\" data-element_type=\"e-flexbox\" data-e-type=\"e-flexbox\" data-interaction-id=\"9e88f14\">\n\t\t\t\t\t\n<hr class=\"e-11cbbb7-0fdd86b e-divider-base\" data-interaction-id=\"11cbbb7\"   \/>\n\t\t\t\t<\/div>\n\t\t<div class=\"elementor-element elementor-element-faadf44 e-flex e-con-boxed e-con e-parent\" data-id=\"faadf44\" data-element_type=\"container\" data-e-type=\"container\">\n\t\t\t\t\t<div class=\"e-con-inner\">\n\t\t<div class=\"elementor-element elementor-element-a640621 e-con-full e-flex e-con e-child\" data-id=\"a640621\" data-element_type=\"container\" data-e-type=\"container\">\n\t\t\t\t\t\t\t\t<p class=\"e-2e775b0-f5a89e5 e-paragraph-base\" data-interaction-id=\"2e775b0\"  >\n\t\t\t\t\t\t\t\tLes mati\u00e8res que nous s\u00e9lectionnons sont <strong id=\"e-mo764xbh-96rssw4\">naturelles, tra\u00e7ables et respectueuses de l\u2019environnement<\/strong>. Laine m\u00e9rinos extrafine, cachemire recycl\u00e9 ou encore coton biologique, elles r\u00e9pondent \u00e0 des standards exigeants, notamment via les certifications <strong id=\"e-mo764xbh-nimehdi\">GRS, GOTS ou OEKO-TEX\u00ae.<\/strong><br><br>Pens\u00e9es pour l\u2019hospitalit\u00e9, nos pi\u00e8ces allient durabilit\u00e9 et facilit\u00e9 d\u2019entretien, avec un usage adapt\u00e9 au quotidien, incluant lavage en machine et s\u00e9chage d\u00e9licat.\n\t\t\t\t\t<\/p>\n\t\t\t\t<\/div>\n\t\t<div class=\"elementor-element elementor-element-5bbbc02 e-con-full e-flex e-con e-child\" data-id=\"5bbbc02\" data-element_type=\"container\" data-e-type=\"container\">\n\t\t\t\t\t\t\t\n\t\t<img class=\"e-image-base \" \n\t\t\t\t\tdata-interaction-id=\"18acb79\" \n\t\t \n\t\t \n\t\t\t\t\t\t\t\t\tid=\"769\"\n\t\t\t\t\t\t\t\t\t\t\t\tsrc=\"https:\/\/lamaisondelamaille.com\/wp-content\/uploads\/2026\/04\/savoir-faire-tricot-tricotage-shima-stoll-scaled-e1776689440483-768x574.jpg\"\n\t\t\t\t\t\t\t\t\t\t\t\twidth=\"768\"\n\t\t\t\t\t\t\t\t\t\t\t\theight=\"574\"\n\t\t\t\t\t\t\t\t\t\t\t\tsrcset=\"https:\/\/lamaisondelamaille.com\/wp-content\/uploads\/2026\/04\/savoir-faire-tricot-tricotage-shima-stoll-scaled-e1776689440483-768x574.jpg 768w, https:\/\/lamaisondelamaille.com\/wp-content\/uploads\/2026\/04\/savoir-faire-tricot-tricotage-shima-stoll-scaled-e1776689440483-300x224.jpg 300w, https:\/\/lamaisondelamaille.com\/wp-content\/uploads\/2026\/04\/savoir-faire-tricot-tricotage-shima-stoll-scaled-e1776689440483-1024x765.jpg 1024w, https:\/\/lamaisondelamaille.com\/wp-content\/uploads\/2026\/04\/savoir-faire-tricot-tricotage-shima-stoll-scaled-e1776689440483-1536x1147.jpg 1536w, https:\/\/lamaisondelamaille.com\/wp-content\/uploads\/2026\/04\/savoir-faire-tricot-tricotage-shima-stoll-scaled-e1776689440483.jpg 1920w\"\n\t\t\t\t\t\t\t\t\t\t\t\talt=\"\"\n\t\t\t\t\t\t\/>\n\t\t\t\t\t<\/div>\n\t\t\t\t\t<\/div>\n\t\t\t\t<\/div>\n\t\t\t\t<div class=\"elementor-element elementor-element-4978a93 e-con e-atomic-element e-flexbox-base e-4978a93-0fc9905\" data-id=\"4978a93\" data-element_type=\"e-flexbox\" data-e-type=\"e-flexbox\" data-interaction-id=\"4978a93\">\n\t\t\t\t\t\n<hr class=\"e-764161a-3aee9dd e-divider-base\" data-interaction-id=\"764161a\"   \/>\n\t\t\t\t<\/div>\n\t\t<div class=\"elementor-element elementor-element-f4ec85c e-flex e-con-boxed e-con e-parent\" data-id=\"f4ec85c\" data-element_type=\"container\" data-e-type=\"container\">\n\t\t\t\t\t<div class=\"e-con-inner\">\n\t\t<div class=\"elementor-element elementor-element-1658d4b e-con-full e-flex e-con e-child\" data-id=\"1658d4b\" data-element_type=\"container\" data-e-type=\"container\">\n\t\t\t\t\t\t\t\n\t\t<img class=\"e-image-base \" \n\t\t\t\t\tdata-interaction-id=\"8a61a24\" \n\t\t \n\t\t \n\t\t\t\t\t\t\t\t\tid=\"617\"\n\t\t\t\t\t\t\t\t\t\t\t\tsrc=\"https:\/\/lamaisondelamaille.com\/wp-content\/uploads\/2026\/04\/savoir-faire-made-in-france-3-scaled.jpg\"\n\t\t\t\t\t\t\t\t\t\t\t\twidth=\"2560\"\n\t\t\t\t\t\t\t\t\t\t\t\theight=\"1868\"\n\t\t\t\t\t\t\t\t\t\t\t\tsrcset=\"https:\/\/lamaisondelamaille.com\/wp-content\/uploads\/2026\/04\/savoir-faire-made-in-france-3-scaled.jpg 2560w, https:\/\/lamaisondelamaille.com\/wp-content\/uploads\/2026\/04\/savoir-faire-made-in-france-3-300x219.jpg 300w, https:\/\/lamaisondelamaille.com\/wp-content\/uploads\/2026\/04\/savoir-faire-made-in-france-3-1024x747.jpg 1024w, https:\/\/lamaisondelamaille.com\/wp-content\/uploads\/2026\/04\/savoir-faire-made-in-france-3-768x560.jpg 768w, https:\/\/lamaisondelamaille.com\/wp-content\/uploads\/2026\/04\/savoir-faire-made-in-france-3-1536x1121.jpg 1536w, https:\/\/lamaisondelamaille.com\/wp-content\/uploads\/2026\/04\/savoir-faire-made-in-france-3-2048x1494.jpg 2048w\"\n\t\t\t\t\t\t\t\t\t\t\t\talt=\"\"\n\t\t\t\t\t\t\/>\n\t\t\t\t\t<\/div>\n\t\t<div class=\"elementor-element elementor-element-5b82058 e-con-full e-flex e-con e-child\" data-id=\"5b82058\" data-element_type=\"container\" data-e-type=\"container\">\n\t\t\t\t\t\t\t\t<p class=\"e-84078bd-7c1fd7a e-paragraph-base\" data-interaction-id=\"84078bd\"  >\n\t\t\t\t\t\t\t\tPort\u00e9e par des valeurs fortes de durabilit\u00e9, La Maison de la Maille s\u2019inscrit dans une d\u00e9marche responsable fond\u00e9e sur le principe du <strong>RRR : R\u00e9parer, R\u00e9utiliser, Recycler.<\/strong><br><br>Pens\u00e9es pour durer, nos pi\u00e8ces peuvent \u00eatre r\u00e9par\u00e9es dans notre atelier, r\u00e9utilis\u00e9es dans de nouveaux formats ou recycl\u00e9es en fin de vie. Cette approche prolonge leur cycle de vie et s\u2019inscrit dans une vision plus <strong>responsable <\/strong>du textile, au service d\u2019une cr\u00e9ation durable et engag\u00e9e.\n\t\t\t\t\t<\/p>\n\t\t\t\t<\/div>\n\t\t\t\t\t<\/div>\n\t\t\t\t<\/div>\n\t\t\t\t<div class=\"elementor-element elementor-element-a5f8929 e-con e-atomic-element e-flexbox-base e-a5f8929-4e84d96\" data-id=\"a5f8929\" data-element_type=\"e-flexbox\" data-e-type=\"e-flexbox\" data-interaction-id=\"a5f8929\">\n\t\t\t\t\t\n<hr class=\"e-edb6803-04e7168 e-divider-base\" data-interaction-id=\"edb6803\"   \/>\n\t\t\t\t<\/div>\n\t\t<div class=\"elementor-element elementor-element-b1fa9d2 e-flex e-con-boxed e-con e-parent\" data-id=\"b1fa9d2\" data-element_type=\"container\" data-e-type=\"container\">\n\t\t\t\t\t<div class=\"e-con-inner\">\n\t\t\t\t<div class=\"elementor-element elementor-element-95c5206 elementor-align-center elementor-widget elementor-widget-button\" data-id=\"95c5206\" data-element_type=\"widget\" data-e-type=\"widget\" data-widget_type=\"button.default\">\n\t\t\t\t\t\t\t\t\t\t<a class=\"elementor-button elementor-button-link elementor-size-sm\" href=\"mailto:contact@lamaisondelamaille.com\" target=\"_blank\">\n\t\t\t\t\t\t<span class=\"elementor-button-content-wrapper\">\n\t\t\t\t\t\t\t\t\t<span class=\"elementor-button-text\">Donner vie \u00e0 vos projets sur-mesure<\/span>\n\t\t\t\t\t<\/span>\n\t\t\t\t\t<\/a>\n\t\t\t\t\t\t\t\t<\/div>\n\t\t\t\t\t<\/div>\n\t\t\t\t<\/div>\n\t\t\t\t<\/div>\n\t\t","protected":false},"excerpt":{"rendered":"<p>NOTRE MISSION Sublimer les lieux par l&#8217;art du tricot d&#8217;exception Chaque projet commence par une compr\u00e9hension attentive du lieu et de son intention d\u00e9corative.Les mati\u00e8res, les textures, les motifs et les coloris sont pens\u00e9s pour dialoguer avec l\u2019architecture int\u00e9rieure et contribuer \u00e0 l\u2019identit\u00e9 des espaces. La Maison de la Maille porte l\u2019art du tricot d\u2019exception [&hellip;]<\/p>\n","protected":false},"author":1,"featured_media":0,"parent":0,"menu_order":0,"comment_status":"closed","ping_status":"closed","template":"elementor_header_footer","meta":{"footnotes":""},"categories":[],"tags":[],"class_list":["post-43","page","type-page","status-publish","hentry"],"_links":{"self":[{"href":"https:\/\/lamaisondelamaille.com\/index.php\/wp-json\/wp\/v2\/pages\/43","targetHints":{"allow":["GET"]}}],"collection":[{"href":"https:\/\/lamaisondelamaille.com\/index.php\/wp-json\/wp\/v2\/pages"}],"about":[{"href":"https:\/\/lamaisondelamaille.com\/index.php\/wp-json\/wp\/v2\/types\/page"}],"author":[{"embeddable":true,"href":"https:\/\/lamaisondelamaille.com\/index.php\/wp-json\/wp\/v2\/users\/1"}],"replies":[{"embeddable":true,"href":"https:\/\/lamaisondelamaille.com\/index.php\/wp-json\/wp\/v2\/comments?post=43"}],"version-history":[{"count":73,"href":"https:\/\/lamaisondelamaille.com\/index.php\/wp-json\/wp\/v2\/pages\/43\/revisions"}],"predecessor-version":[{"id":791,"href":"https:\/\/lamaisondelamaille.com\/index.php\/wp-json\/wp\/v2\/pages\/43\/revisions\/791"}],"wp:attachment":[{"href":"https:\/\/lamaisondelamaille.com\/index.php\/wp-json\/wp\/v2\/media?parent=43"}],"wp:term":[{"taxonomy":"category","embeddable":true,"href":"https:\/\/lamaisondelamaille.com\/index.php\/wp-json\/wp\/v2\/categories?post=43"},{"taxonomy":"post_tag","embeddable":true,"href":"https:\/\/lamaisondelamaille.com\/index.php\/wp-json\/wp\/v2\/tags?post=43"}],"curies":[{"name":"wp","href":"https:\/\/api.w.org\/{rel}","templated":true}]}}