{"id":55,"date":"2026-04-10T08:38:09","date_gmt":"2026-04-10T08:38:09","guid":{"rendered":"http:\/\/lamaisonhf.cluster021.hosting.ovh.net\/?page_id=55"},"modified":"2026-04-20T13:16:21","modified_gmt":"2026-04-20T13:16:21","slug":"notre-atelier-cooperatif","status":"publish","type":"page","link":"https:\/\/lamaisondelamaille.com\/index.php\/notre-atelier-cooperatif\/","title":{"rendered":"Notre atelier coop\u00e9ratif"},"content":{"rendered":"\t\t<div data-elementor-type=\"wp-page\" data-elementor-id=\"55\" class=\"elementor elementor-55\">\n\t\t\t\t<div class=\"elementor-element elementor-element-f7ee7e4 e-flex e-con-boxed e-con e-parent\" data-id=\"f7ee7e4\" data-element_type=\"container\" data-e-type=\"container\">\n\t\t\t\t\t<div class=\"e-con-inner\">\n\t\t\t\t\t\t\t<h2 \n\t\tdata-interaction-id=\"e7bdc38\" \n\t\tclass=\"e-e7bdc38-86cb703 e-heading-base\" \n\t\t \n\t\t\n\t>\n\t\n\t\t\tNOTRE ATELIER COOP\u00c9RATIF\n\t\t<\/h2>\n\t\t\t\t\t\t\t\t<p class=\"e-cbf987b-b9d3a43 e-paragraph-base\" data-interaction-id=\"cbf987b\"  >\n\t\t\t\t\t\t\t\t<strong id=\"e-mo76jn8e-3iq1k25\">L\u2019excellence de la maille, port\u00e9e<\/strong> <strong id=\"e-mo76jn8e-lmcuz3w\">collectivement<\/strong>\n\t\t\t\t\t<\/p>\n\t\t\t\t\t\t\t\t<p class=\"e-b7cce78-31a7739 e-paragraph-base\" data-interaction-id=\"b7cce78\"  >\n\t\t\t\t\t\t\t\t<br>Fond\u00e9e en <strong id=\"e-mo775vnk-9kpxra6\">2017<\/strong>, La Maison de la Maille a su rapidement s\u00e9duire des <strong id=\"e-mo775vnk-v7jff6p\">h\u00f4teliers, architectes et d\u00e9corateurs cr\u00e9atifs<\/strong>, exigeants et engag\u00e9s.<br><br>Sp\u00e9cialis\u00e9e dans les <strong id=\"e-mo775vnk-so4hhzu\">accessoires en maille d\u2019exception<\/strong>, la Maison d\u00e9fend une fabrication <strong id=\"e-mo775vnk-eipvd5k\">100 % fran\u00e7aise<\/strong>, respectueuse de l\u2019environnement. Ses cr\u00e9ations ont rejoint de nombreux \u00e9tablissements de prestige (H\u00f4tels 5* et Palaces), ainsi que des projets r\u00e9sidentiels sur mesure (Chalets, Villas, Yacht), alliant raffinement, confort et responsabilit\u00e9.<br><br>Anim\u00e9e par une approche exigeante et une grande attention port\u00e9e aux d\u00e9tails, La Maison de la Maille s\u2019inscrit dans une dynamique de <strong id=\"e-mo775vnk-lhs926c\">transmission, en valorisant des savoir-faire fran\u00e7ais d\u2019excellence et des mati\u00e8res naturelles ou recycl\u00e9es nobles et durables<\/strong>.\n\t\t\t\t\t<\/p>\n\t\t\t\t\t<\/div>\n\t\t\t\t<\/div>\n\t\t\t\t<div class=\"elementor-element elementor-element-eb01143 e-con e-atomic-element e-flexbox-base e-eb01143-7e1f91d\" data-id=\"eb01143\" data-element_type=\"e-flexbox\" data-e-type=\"e-flexbox\" data-interaction-id=\"eb01143\">\n\t\t\t\t\t\n<hr class=\"e-5674d26-a3c04d2 e-divider-base\" data-interaction-id=\"5674d26\"   \/>\n\t\t\t\t<\/div>\n\t\t<div class=\"elementor-element elementor-element-011ddb5 e-flex e-con-boxed e-con e-parent\" data-id=\"011ddb5\" data-element_type=\"container\" data-e-type=\"container\">\n\t\t\t\t\t<div class=\"e-con-inner\">\n\t\t<div class=\"elementor-element elementor-element-e2f2887 e-con-full e-flex e-con e-child\" data-id=\"e2f2887\" data-element_type=\"container\" data-e-type=\"container\">\n\t\t\t\t\t\t\t\t<p class=\"e-af5a161-637a339 e-paragraph-base\" data-interaction-id=\"af5a161\"  >\n\t\t\t\t\t\t\t\tEn <strong id=\"e-mo2nwyax-0w0uaf2\">2025<\/strong>, La Maison de la Maille rejoint <strong id=\"e-mo2nwyax-5ehgnfp\">Scop Maille Cr\u00e9ation<\/strong> en Mayenne (France), atelier de r\u00e9f\u00e9rence, avec l\u2019ambition de faire rayonner plus largement son savoir-faire.<br><br>Depuis plus de <strong id=\"e-mo2nwyax-9qubo1s\">30 ans<\/strong>, la Scop met sa ma\u00eetrise de la maille au service des cr\u00e9ations des plus grandes Maisons de luxe et des jeunes designers.<br><br>Cette int\u00e9gration permet de r\u00e9unir cr\u00e9ation, d\u00e9veloppement et production, au service de projets sur mesure uniques, d\u00e9di\u00e9s \u00e0 l\u2019hospitalit\u00e9 d\u2019exception.\n\t\t\t\t\t<\/p>\n\t\t\t\t<\/div>\n\t\t<div class=\"elementor-element elementor-element-5e80b70 e-con-full e-flex e-con e-child\" data-id=\"5e80b70\" data-element_type=\"container\" data-e-type=\"container\">\n\t\t\t\t\t\t\t\n\t\t<img class=\"e-image-base e-02820c4-d0def61\" \n\t\t\t\t\tdata-interaction-id=\"02820c4\" \n\t\t \n\t\t \n\t\t\t\t\t\t\t\t\tid=\"622\"\n\t\t\t\t\t\t\t\t\t\t\t\tsrc=\"https:\/\/lamaisondelamaille.com\/wp-content\/uploads\/2026\/04\/confection-made-in-france-maille-e1776415365593.jpg\"\n\t\t\t\t\t\t\t\t\t\t\t\twidth=\"719\"\n\t\t\t\t\t\t\t\t\t\t\t\theight=\"458\"\n\t\t\t\t\t\t\t\t\t\t\t\tsrcset=\"https:\/\/lamaisondelamaille.com\/wp-content\/uploads\/2026\/04\/confection-made-in-france-maille-e1776415365593.jpg 719w, https:\/\/lamaisondelamaille.com\/wp-content\/uploads\/2026\/04\/confection-made-in-france-maille-e1776415365593-300x191.jpg 300w\"\n\t\t\t\t\t\t\t\t\t\t\t\talt=\"\"\n\t\t\t\t\t\t\/>\n\t\t\t\t\t<\/div>\n\t\t\t\t\t<\/div>\n\t\t\t\t<\/div>\n\t\t\t\t<div class=\"elementor-element elementor-element-3847a88 e-con e-atomic-element e-flexbox-base e-3847a88-2707752\" data-id=\"3847a88\" data-element_type=\"e-flexbox\" data-e-type=\"e-flexbox\" data-interaction-id=\"3847a88\">\n\t\t\t\t\t\n<hr class=\"e-10fbf09-538e094 e-divider-base\" data-interaction-id=\"10fbf09\"   \/>\n\t\t\t\t<\/div>\n\t\t<div class=\"elementor-element elementor-element-76554ad e-flex e-con-boxed e-con e-parent\" data-id=\"76554ad\" data-element_type=\"container\" data-e-type=\"container\">\n\t\t\t\t\t<div class=\"e-con-inner\">\n\t\t<div class=\"elementor-element elementor-element-2e01f21 e-con-full e-flex e-con e-child\" data-id=\"2e01f21\" data-element_type=\"container\" data-e-type=\"container\">\n\t\t\t\t\t\t\t\n\t\t<img class=\"e-image-base \" \n\t\t\t\t\tdata-interaction-id=\"2a8110c\" \n\t\t \n\t\t \n\t\t\t\t\t\t\t\t\tid=\"599\"\n\t\t\t\t\t\t\t\t\t\t\t\tsrc=\"https:\/\/lamaisondelamaille.com\/wp-content\/uploads\/2026\/04\/scop-savoir-faire-fabrique-en-france-290x300.png\"\n\t\t\t\t\t\t\t\t\t\t\t\twidth=\"290\"\n\t\t\t\t\t\t\t\t\t\t\t\theight=\"300\"\n\t\t\t\t\t\t\t\t\t\t\t\tsrcset=\"https:\/\/lamaisondelamaille.com\/wp-content\/uploads\/2026\/04\/scop-savoir-faire-fabrique-en-france-290x300.png 290w, https:\/\/lamaisondelamaille.com\/wp-content\/uploads\/2026\/04\/scop-savoir-faire-fabrique-en-france-989x1024.png 989w, https:\/\/lamaisondelamaille.com\/wp-content\/uploads\/2026\/04\/scop-savoir-faire-fabrique-en-france-768x795.png 768w, https:\/\/lamaisondelamaille.com\/wp-content\/uploads\/2026\/04\/scop-savoir-faire-fabrique-en-france.png 1029w\"\n\t\t\t\t\t\t\t\t\t\t\t\talt=\"\"\n\t\t\t\t\t\t\/>\n\t\t\t\t\t<\/div>\n\t\t<div class=\"elementor-element elementor-element-d6df0cd e-con-full e-flex e-con e-child\" data-id=\"d6df0cd\" data-element_type=\"container\" data-e-type=\"container\">\n\t\t\t\t\t\t\t\t<p class=\"e-d3cb8d6-dd0dca8 e-paragraph-base\" data-interaction-id=\"d3cb8d6\"  >\n\t\t\t\t\t\t\t\tAujourd\u2019hui, <strong id=\"e-mo7638sl-y8u9va0\">80 collaborateurs en France et 30 en Italie<\/strong> s\u2019attachent chaque jour \u00e0 faire vivre un savoir-faire d\u2019excellence, au service du pr\u00eat-\u00e0-porter, de la haute couture et de la d\u00e9coration.<br><br>Organis\u00e9 en coop\u00e9rative, l\u2019atelier repose sur un mod\u00e8le engag\u00e9 o\u00f9 chaque collaborateur participe activement \u00e0 la qualit\u00e9 et \u00e0 l\u2019exigence de la production.\n\t\t\t\t\t<\/p>\n\t\t\t\t<\/div>\n\t\t\t\t\t<\/div>\n\t\t\t\t<\/div>\n\t\t\t\t<div class=\"elementor-element elementor-element-4e1d50c e-con e-atomic-element e-flexbox-base e-4e1d50c-a311764\" data-id=\"4e1d50c\" data-element_type=\"e-flexbox\" data-e-type=\"e-flexbox\" data-interaction-id=\"4e1d50c\">\n\t\t\t\t\t\n<hr class=\"e-3bbfef1-08ba7fb e-divider-base\" data-interaction-id=\"3bbfef1\"   \/>\n\t\t\t\t<\/div>\n\t\t\t\t<div class=\"elementor-element elementor-element-a960824 e-con e-atomic-element e-flexbox-base e-a960824-12abffb\" data-id=\"a960824\" data-element_type=\"e-flexbox\" data-e-type=\"e-flexbox\" data-interaction-id=\"a960824\">\n\t\t\t\t\t\t\t<h2 \n\t\tdata-interaction-id=\"20ebb1b\" \n\t\tclass=\"e-20ebb1b-b9d5ec0 e-heading-base\" \n\t\t \n\t\t\n\t>\n\t\n\t\t\tNOS SAVOIR-FAIRE\n\t\t<\/h2>\n\t\t\t\t<\/div>\n\t\t\t\t<div class=\"elementor-element elementor-element-a70ca04 e-con e-atomic-element e-flexbox-base e-a70ca04-42ba19c\" data-id=\"a70ca04\" data-element_type=\"e-flexbox\" data-e-type=\"e-flexbox\" data-interaction-id=\"a70ca04\">\n\t\t\t\t\t\t\t\t<p class=\"e-34d15a4-1f2d7d3 e-paragraph-base\" data-interaction-id=\"34d15a4\"  >\n\t\t\t\t\t\t\t\tAU SERVICE DE VOS PROJETS D'HOSPITALIT\u00c9\n\t\t\t\t\t<\/p>\n\t\t\t\t<\/div>\n\t\t<div class=\"elementor-element elementor-element-9fbcad4 e-flex e-con-boxed e-con e-parent\" data-id=\"9fbcad4\" data-element_type=\"container\" data-e-type=\"container\">\n\t\t\t\t\t<div class=\"e-con-inner\">\n\t\t<div class=\"elementor-element elementor-element-5d9341c e-con-full e-flex e-con e-child\" data-id=\"5d9341c\" data-element_type=\"container\" data-e-type=\"container\">\n\t\t\t\t\t\t\t\n\t\t<img class=\"e-image-base e-a5b7b5e-f432d83\" \n\t\t\t\t\tdata-interaction-id=\"a5b7b5e\" \n\t\t \n\t\t \n\t\t\t\t\t\t\t\t\tid=\"616\"\n\t\t\t\t\t\t\t\t\t\t\t\tsrc=\"https:\/\/lamaisondelamaille.com\/wp-content\/uploads\/2026\/04\/moodboard-creation-maille-excellence-300x247.jpg\"\n\t\t\t\t\t\t\t\t\t\t\t\twidth=\"300\"\n\t\t\t\t\t\t\t\t\t\t\t\theight=\"247\"\n\t\t\t\t\t\t\t\t\t\t\t\tsrcset=\"https:\/\/lamaisondelamaille.com\/wp-content\/uploads\/2026\/04\/moodboard-creation-maille-excellence-300x247.jpg 300w, https:\/\/lamaisondelamaille.com\/wp-content\/uploads\/2026\/04\/moodboard-creation-maille-excellence-1024x843.jpg 1024w, https:\/\/lamaisondelamaille.com\/wp-content\/uploads\/2026\/04\/moodboard-creation-maille-excellence-768x632.jpg 768w, https:\/\/lamaisondelamaille.com\/wp-content\/uploads\/2026\/04\/moodboard-creation-maille-excellence.jpg 1535w\"\n\t\t\t\t\t\t\t\t\t\t\t\talt=\"\"\n\t\t\t\t\t\t\/>\n\t\t\t\t\t\t\t\t<h2 \n\t\tdata-interaction-id=\"5c2889f\" \n\t\tclass=\"e-5c2889f-cfddace e-heading-base\" \n\t\t \n\t\t\n\t>\n\t\n\t\t\t<strong id=\"e-mo00qgvm-e6lm76s\">BUREAU D'\u00c9TUDES &amp; PROTOTYPES<\/strong><br>\n\t\t<\/h2>\n\t\t\t\t<\/div>\n\t\t<div class=\"elementor-element elementor-element-52a4dad e-con-full e-flex e-con e-child\" data-id=\"52a4dad\" data-element_type=\"container\" data-e-type=\"container\">\n\t\t\t\t\t\t\t\n\t\t<img class=\"e-image-base e-10b1d2c-5a94534\" \n\t\t\t\t\tdata-interaction-id=\"10b1d2c\" \n\t\t \n\t\t \n\t\t\t\t\t\t\t\t\tid=\"626\"\n\t\t\t\t\t\t\t\t\t\t\t\tsrc=\"https:\/\/lamaisondelamaille.com\/wp-content\/uploads\/2026\/04\/broderie-creative-maille-savoir-faire-scaled.jpg\"\n\t\t\t\t\t\t\t\t\t\t\t\twidth=\"2560\"\n\t\t\t\t\t\t\t\t\t\t\t\theight=\"2105\"\n\t\t\t\t\t\t\t\t\t\t\t\tsrcset=\"https:\/\/lamaisondelamaille.com\/wp-content\/uploads\/2026\/04\/broderie-creative-maille-savoir-faire-scaled.jpg 2560w, https:\/\/lamaisondelamaille.com\/wp-content\/uploads\/2026\/04\/broderie-creative-maille-savoir-faire-300x247.jpg 300w, https:\/\/lamaisondelamaille.com\/wp-content\/uploads\/2026\/04\/broderie-creative-maille-savoir-faire-1024x842.jpg 1024w, https:\/\/lamaisondelamaille.com\/wp-content\/uploads\/2026\/04\/broderie-creative-maille-savoir-faire-768x632.jpg 768w, https:\/\/lamaisondelamaille.com\/wp-content\/uploads\/2026\/04\/broderie-creative-maille-savoir-faire-1536x1263.jpg 1536w, https:\/\/lamaisondelamaille.com\/wp-content\/uploads\/2026\/04\/broderie-creative-maille-savoir-faire-2048x1684.jpg 2048w\"\n\t\t\t\t\t\t\t\t\t\t\t\talt=\"\"\n\t\t\t\t\t\t\/>\n\t\t\t\t\t\t\t\t<h2 \n\t\tdata-interaction-id=\"faefd13\" \n\t\tclass=\"e-faefd13-9dc8fa7 e-heading-base\" \n\t\t \n\t\t\n\t>\n\t\n\t\t\t<strong id=\"e-mo2kiw0h-mzr8w72\">BRODERIE&nbsp;CR\u00c9ATIVE<\/strong>\n\t\t<\/h2>\n\t\t\t\t<\/div>\n\t\t<div class=\"elementor-element elementor-element-0923988 e-con-full e-flex e-con e-child\" data-id=\"0923988\" data-element_type=\"container\" data-e-type=\"container\">\n\t\t\t\t\t\t\t\n\t\t<img class=\"e-image-base e-771a238-fe1f291\" \n\t\t\t\t\tdata-interaction-id=\"771a238\" \n\t\t \n\t\t \n\t\t\t\t\t\t\t\t\tid=\"624\"\n\t\t\t\t\t\t\t\t\t\t\t\tsrc=\"https:\/\/lamaisondelamaille.com\/wp-content\/uploads\/2026\/04\/tricot-excellence-savoir-faire-fabrique-en-france-768x626.jpg\"\n\t\t\t\t\t\t\t\t\t\t\t\twidth=\"768\"\n\t\t\t\t\t\t\t\t\t\t\t\theight=\"626\"\n\t\t\t\t\t\t\t\t\t\t\t\tsrcset=\"https:\/\/lamaisondelamaille.com\/wp-content\/uploads\/2026\/04\/tricot-excellence-savoir-faire-fabrique-en-france-768x626.jpg 768w, https:\/\/lamaisondelamaille.com\/wp-content\/uploads\/2026\/04\/tricot-excellence-savoir-faire-fabrique-en-france-300x245.jpg 300w, https:\/\/lamaisondelamaille.com\/wp-content\/uploads\/2026\/04\/tricot-excellence-savoir-faire-fabrique-en-france-1024x835.jpg 1024w, https:\/\/lamaisondelamaille.com\/wp-content\/uploads\/2026\/04\/tricot-excellence-savoir-faire-fabrique-en-france-1536x1252.jpg 1536w, https:\/\/lamaisondelamaille.com\/wp-content\/uploads\/2026\/04\/tricot-excellence-savoir-faire-fabrique-en-france-2048x1670.jpg 2048w\"\n\t\t\t\t\t\t\t\t\t\t\t\talt=\"\"\n\t\t\t\t\t\t\/>\n\t\t\t\t\t\t\t\t<h2 \n\t\tdata-interaction-id=\"6b96ed0\" \n\t\tclass=\"e-6b96ed0-3a2c91b e-heading-base\" \n\t\t \n\t\t\n\t>\n\t\n\t\t\t<strong id=\"e-mo008dol-ip6hnxs\">TRICOTAGE<\/strong>\n\t\t<\/h2>\n\t\t\t\t<\/div>\n\t\t<div class=\"elementor-element elementor-element-1585253 e-con-full e-flex e-con e-child\" data-id=\"1585253\" data-element_type=\"container\" data-e-type=\"container\">\n\t\t\t\t\t\t\t\n\t\t<img class=\"e-image-base e-c6eddfb-a9f2003\" \n\t\t\t\t\tdata-interaction-id=\"c6eddfb\" \n\t\t \n\t\t \n\t\t\t\t\t\t\t\t\tid=\"625\"\n\t\t\t\t\t\t\t\t\t\t\t\tsrc=\"https:\/\/lamaisondelamaille.com\/wp-content\/uploads\/2026\/04\/savoir-faire-maille-tricot-france-made-in-france-768x684.jpg\"\n\t\t\t\t\t\t\t\t\t\t\t\twidth=\"768\"\n\t\t\t\t\t\t\t\t\t\t\t\theight=\"684\"\n\t\t\t\t\t\t\t\t\t\t\t\tsrcset=\"https:\/\/lamaisondelamaille.com\/wp-content\/uploads\/2026\/04\/savoir-faire-maille-tricot-france-made-in-france-768x684.jpg 768w, https:\/\/lamaisondelamaille.com\/wp-content\/uploads\/2026\/04\/savoir-faire-maille-tricot-france-made-in-france-300x267.jpg 300w, https:\/\/lamaisondelamaille.com\/wp-content\/uploads\/2026\/04\/savoir-faire-maille-tricot-france-made-in-france-1024x912.jpg 1024w, https:\/\/lamaisondelamaille.com\/wp-content\/uploads\/2026\/04\/savoir-faire-maille-tricot-france-made-in-france-1536x1367.jpg 1536w, https:\/\/lamaisondelamaille.com\/wp-content\/uploads\/2026\/04\/savoir-faire-maille-tricot-france-made-in-france-2048x1823.jpg 2048w\"\n\t\t\t\t\t\t\t\t\t\t\t\talt=\"\"\n\t\t\t\t\t\t\/>\n\t\t\t\t\t\t\t\t<h2 \n\t\tdata-interaction-id=\"5d378a5\" \n\t\tclass=\"e-5d378a5-539de95 e-heading-base\" \n\t\t \n\t\t\n\t>\n\t\n\t\t\t<strong id=\"e-mo009dfl-1n4tk7z\">CONFECTION<\/strong>\n\t\t<\/h2>\n\t\t\t\t<\/div>\n\t\t\t\t\t<\/div>\n\t\t\t\t<\/div>\n\t\t\t\t<div class=\"elementor-element elementor-element-d0cf77d e-con e-atomic-element e-flexbox-base e-d0cf77d-8be39e8\" data-id=\"d0cf77d\" data-element_type=\"e-flexbox\" data-e-type=\"e-flexbox\" data-interaction-id=\"d0cf77d\">\n\t\t\t\t\t\n<hr class=\"e-20de90f-ec918eb e-divider-base\" data-interaction-id=\"20de90f\"   \/>\n\t\t\t\t<\/div>\n\t\t<div class=\"elementor-element elementor-element-c34c621 e-flex e-con-boxed e-con e-parent\" data-id=\"c34c621\" data-element_type=\"container\" data-e-type=\"container\">\n\t\t\t\t\t<div class=\"e-con-inner\">\n\t\t<div class=\"elementor-element elementor-element-2a6c2a4 e-con-full e-flex e-con e-child\" data-id=\"2a6c2a4\" data-element_type=\"container\" data-e-type=\"container\">\n\t\t\t\t\t\t\t\n\t\t<img class=\"e-image-base e-82b7d23-4a33e63\" \n\t\t\t\t\tdata-interaction-id=\"82b7d23\" \n\t\t \n\t\t \n\t\t\t\t\t\t\t\t\tid=\"358\"\n\t\t\t\t\t\t\t\t\t\t\t\tsrc=\"https:\/\/lamaisondelamaille.com\/wp-content\/uploads\/2026\/04\/Image2.png\"\n\t\t\t\t\t\t\t\t\t\t\t\twidth=\"1048\"\n\t\t\t\t\t\t\t\t\t\t\t\theight=\"689\"\n\t\t\t\t\t\t\t\t\t\t\t\tsrcset=\"https:\/\/lamaisondelamaille.com\/wp-content\/uploads\/2026\/04\/Image2.png 1048w, https:\/\/lamaisondelamaille.com\/wp-content\/uploads\/2026\/04\/Image2-300x197.png 300w, https:\/\/lamaisondelamaille.com\/wp-content\/uploads\/2026\/04\/Image2-1024x673.png 1024w, https:\/\/lamaisondelamaille.com\/wp-content\/uploads\/2026\/04\/Image2-768x505.png 768w\"\n\t\t\t\t\t\t\t\t\t\t\t\talt=\"\"\n\t\t\t\t\t\t\/>\n\t\t\t\t\t<\/div>\n\t\t\t\t\t\t\t\t<p class=\"e-4495279-978c6aa e-paragraph-base\" data-interaction-id=\"4495279\"  >\n\t\t\t\t\t\t\t\t<strong id=\"e-mo014gb7-9893ig6\">Cr\u00e9ativit\u00e9<\/strong>, <strong id=\"e-mo014gb7-agkdlda\">flexibilit\u00e9 <\/strong>et <strong id=\"e-mo014gb7-epyfrzn\">r\u00e9activit\u00e9 <\/strong>guident chaque projet, des pi\u00e8ces uniques aux productions destin\u00e9es \u00e0 l\u2019h\u00f4tellerie de luxe et aux plus grandes Maisons de luxe.&nbsp;\n\t\t\t\t\t<\/p>\n\t\t<div class=\"elementor-element elementor-element-998a6eb e-con-full elementor-hidden-tablet elementor-hidden-mobile e-flex e-con e-child\" data-id=\"998a6eb\" data-element_type=\"container\" data-e-type=\"container\">\n\t\t\t\t\t\t\t\n\t\t<img class=\"e-image-base e-6a2d7c3-7aee0d5\" \n\t\t\t\t\tdata-interaction-id=\"6a2d7c3\" \n\t\t \n\t\t \n\t\t\t\t\t\t\t\t\tid=\"326\"\n\t\t\t\t\t\t\t\t\t\t\t\tsrc=\"https:\/\/lamaisondelamaille.com\/wp-content\/uploads\/2026\/04\/Image1.png\"\n\t\t\t\t\t\t\t\t\t\t\t\twidth=\"874\"\n\t\t\t\t\t\t\t\t\t\t\t\theight=\"484\"\n\t\t\t\t\t\t\t\t\t\t\t\tsrcset=\"https:\/\/lamaisondelamaille.com\/wp-content\/uploads\/2026\/04\/Image1.png 874w, https:\/\/lamaisondelamaille.com\/wp-content\/uploads\/2026\/04\/Image1-300x166.png 300w, https:\/\/lamaisondelamaille.com\/wp-content\/uploads\/2026\/04\/Image1-768x425.png 768w\"\n\t\t\t\t\t\t\t\t\t\t\t\talt=\"\"\n\t\t\t\t\t\t\/>\n\t\t\t\t\t<\/div>\n\t\t\t\t\t<\/div>\n\t\t\t\t<\/div>\n\t\t<div class=\"elementor-element elementor-element-2c5b2e1 e-flex e-con-boxed e-con e-parent\" data-id=\"2c5b2e1\" data-element_type=\"container\" data-e-type=\"container\">\n\t\t\t\t\t<div class=\"e-con-inner\">\n\t\t\t\t<div class=\"elementor-element elementor-element-b8bc898 elementor-align-center elementor-widget elementor-widget-button\" data-id=\"b8bc898\" data-element_type=\"widget\" data-e-type=\"widget\" data-widget_type=\"button.default\">\n\t\t\t\t\t\t\t\t\t\t<a class=\"elementor-button elementor-button-link elementor-size-sm\" href=\"mailto:%20contact@lamaisondelamaille.com\">\n\t\t\t\t\t\t<span class=\"elementor-button-content-wrapper\">\n\t\t\t\t\t\t\t\t\t<span class=\"elementor-button-text\">Donner vie \u00e0 vos projets sur-mesure<\/span>\n\t\t\t\t\t<\/span>\n\t\t\t\t\t<\/a>\n\t\t\t\t\t\t\t\t<\/div>\n\t\t\t\t\t<\/div>\n\t\t\t\t<\/div>\n\t\t\t\t<div class=\"elementor-element elementor-element-9006349 e-con e-atomic-element e-flexbox-base e-9006349-c439e4e\" data-id=\"9006349\" data-element_type=\"e-flexbox\" data-e-type=\"e-flexbox\" data-interaction-id=\"9006349\">\n\t\t\t\t\t\n<hr class=\"e-261cfb9-37c1723 e-divider-base\" data-interaction-id=\"261cfb9\"   \/>\n\t\t\t\t<\/div>\n\t\t<div class=\"elementor-element elementor-element-bcd5251 elementor-hidden-tablet elementor-hidden-mobile e-flex e-con-boxed e-con e-parent\" data-id=\"bcd5251\" data-element_type=\"container\" data-e-type=\"container\">\n\t\t\t\t\t<div class=\"e-con-inner\">\n\t\t<div class=\"elementor-element elementor-element-b437c4a e-con-full e-flex e-con e-child\" data-id=\"b437c4a\" data-element_type=\"container\" data-e-type=\"container\">\n\t\t\t\t\t\t\t\n\t\t<img class=\"e-image-base \" \n\t\t\t\t\tdata-interaction-id=\"e9ed9ba\" \n\t\t \n\t\t \n\t\t\t\t\t\t\t\t\tid=\"627\"\n\t\t\t\t\t\t\t\t\t\t\t\tsrc=\"https:\/\/lamaisondelamaille.com\/wp-content\/uploads\/2026\/04\/maille-couvre-lit-jete-de-lit-plaid.jpg\"\n\t\t\t\t\t\t\t\t\t\t\t\twidth=\"600\"\n\t\t\t\t\t\t\t\t\t\t\t\theight=\"400\"\n\t\t\t\t\t\t\t\t\t\t\t\tsrcset=\"https:\/\/lamaisondelamaille.com\/wp-content\/uploads\/2026\/04\/maille-couvre-lit-jete-de-lit-plaid.jpg 600w, https:\/\/lamaisondelamaille.com\/wp-content\/uploads\/2026\/04\/maille-couvre-lit-jete-de-lit-plaid-300x200.jpg 300w\"\n\t\t\t\t\t\t\t\t\t\t\t\talt=\"\"\n\t\t\t\t\t\t\/>\n\t\t\t\t\t<\/div>\n\t\t<div class=\"elementor-element elementor-element-fed549e e-con-full e-flex e-con e-child\" data-id=\"fed549e\" data-element_type=\"container\" data-e-type=\"container\">\n\t\t\t\t\t\t\t\n\t\t<img class=\"e-image-base \" \n\t\t\t\t\tdata-interaction-id=\"4c94c27\" \n\t\t \n\t\t \n\t\t\t\t\t\t\t\t\tid=\"628\"\n\t\t\t\t\t\t\t\t\t\t\t\tsrc=\"https:\/\/lamaisondelamaille.com\/wp-content\/uploads\/2026\/04\/maille-exception-savoir-faire-made-in-france.jpg\"\n\t\t\t\t\t\t\t\t\t\t\t\twidth=\"600\"\n\t\t\t\t\t\t\t\t\t\t\t\theight=\"400\"\n\t\t\t\t\t\t\t\t\t\t\t\tsrcset=\"https:\/\/lamaisondelamaille.com\/wp-content\/uploads\/2026\/04\/maille-exception-savoir-faire-made-in-france.jpg 600w, https:\/\/lamaisondelamaille.com\/wp-content\/uploads\/2026\/04\/maille-exception-savoir-faire-made-in-france-300x200.jpg 300w\"\n\t\t\t\t\t\t\t\t\t\t\t\talt=\"\"\n\t\t\t\t\t\t\/>\n\t\t\t\t\t<\/div>\n\t\t<div class=\"elementor-element elementor-element-0ecdc47 e-con-full e-flex e-con e-child\" data-id=\"0ecdc47\" data-element_type=\"container\" data-e-type=\"container\">\n\t\t\t\t\t\t\t\n\t\t<img class=\"e-image-base \" \n\t\t\t\t\tdata-interaction-id=\"1f7f7f5\" \n\t\t \n\t\t \n\t\t\t\t\t\t\t\t\tid=\"629\"\n\t\t\t\t\t\t\t\t\t\t\t\tsrc=\"https:\/\/lamaisondelamaille.com\/wp-content\/uploads\/2026\/04\/maille-tricot-laine.jpg\"\n\t\t\t\t\t\t\t\t\t\t\t\twidth=\"600\"\n\t\t\t\t\t\t\t\t\t\t\t\theight=\"400\"\n\t\t\t\t\t\t\t\t\t\t\t\tsrcset=\"https:\/\/lamaisondelamaille.com\/wp-content\/uploads\/2026\/04\/maille-tricot-laine.jpg 600w, https:\/\/lamaisondelamaille.com\/wp-content\/uploads\/2026\/04\/maille-tricot-laine-300x200.jpg 300w\"\n\t\t\t\t\t\t\t\t\t\t\t\talt=\"\"\n\t\t\t\t\t\t\/>\n\t\t\t\t\t<\/div>\n\t\t<div class=\"elementor-element elementor-element-6331259 e-con-full e-flex e-con e-child\" data-id=\"6331259\" data-element_type=\"container\" data-e-type=\"container\">\n\t\t\t\t\t\t\t\n\t\t<img class=\"e-image-base \" \n\t\t\t\t\tdata-interaction-id=\"ba035aa\" \n\t\t \n\t\t \n\t\t\t\t\t\t\t\t\tid=\"630\"\n\t\t\t\t\t\t\t\t\t\t\t\tsrc=\"https:\/\/lamaisondelamaille.com\/wp-content\/uploads\/2026\/04\/maille-made-in-france-plaid-couvre-lit-scaled-e1776417785803-768x515.jpg\"\n\t\t\t\t\t\t\t\t\t\t\t\twidth=\"768\"\n\t\t\t\t\t\t\t\t\t\t\t\theight=\"515\"\n\t\t\t\t\t\t\t\t\t\t\t\tsrcset=\"https:\/\/lamaisondelamaille.com\/wp-content\/uploads\/2026\/04\/maille-made-in-france-plaid-couvre-lit-scaled-e1776417785803-768x515.jpg 768w, https:\/\/lamaisondelamaille.com\/wp-content\/uploads\/2026\/04\/maille-made-in-france-plaid-couvre-lit-scaled-e1776417785803-300x201.jpg 300w, https:\/\/lamaisondelamaille.com\/wp-content\/uploads\/2026\/04\/maille-made-in-france-plaid-couvre-lit-scaled-e1776417785803-1024x686.jpg 1024w, https:\/\/lamaisondelamaille.com\/wp-content\/uploads\/2026\/04\/maille-made-in-france-plaid-couvre-lit-scaled-e1776417785803-1536x1029.jpg 1536w, https:\/\/lamaisondelamaille.com\/wp-content\/uploads\/2026\/04\/maille-made-in-france-plaid-couvre-lit-scaled-e1776417785803-2048x1372.jpg 2048w\"\n\t\t\t\t\t\t\t\t\t\t\t\talt=\"\"\n\t\t\t\t\t\t\/>\n\t\t\t\t\t<\/div>\n\t\t\t\t\t<\/div>\n\t\t\t\t<\/div>\n\t\t<div class=\"elementor-element elementor-element-a5c0f4e e-flex e-con-boxed e-con e-parent\" data-id=\"a5c0f4e\" data-element_type=\"container\" data-e-type=\"container\">\n\t\t\t\t\t<div class=\"e-con-inner\">\n\t\t\t\t\t\t\t<h2 \n\t\tdata-interaction-id=\"0c818dc\" \n\t\tclass=\"e-0c818dc-99632ae e-heading-base\" \n\t\t \n\t\t\n\t>\n\t\n\t\t\t<a \n\t\t\thref=\"https:\/\/www.maillecreation.fr\/notre-cooperative\/rse\/\" target=\"_blank\"\n\t\t\tclass=\"e-heading-link-base\">\n\t\t\t<strong id=\"e-mo77c2w6-bo678ww\">D\u00e9couvrir Scop Maille Cr\u00e9ation<\/strong>\n\t\t<\/a>\n\t\t<\/h2>\n\t\t\t\t\t<\/div>\n\t\t\t\t<\/div>\n\t\t\t\t<div class=\"elementor-element elementor-element-226f143 e-con e-atomic-element e-flexbox-base e-226f143-c8a7e59\" data-id=\"226f143\" data-element_type=\"e-flexbox\" data-e-type=\"e-flexbox\" data-interaction-id=\"226f143\">\n\t\t\t\t\t\n<hr class=\"e-df43237-7906268 e-divider-base\" data-interaction-id=\"df43237\"   \/>\n\t\t\t\t<\/div>\n\t\t\t\t<\/div>\n\t\t","protected":false},"excerpt":{"rendered":"<p>NOTRE ATELIER COOP\u00c9RATIF L\u2019excellence de la maille, port\u00e9e collectivement Fond\u00e9e en 2017, La Maison de la Maille a su rapidement s\u00e9duire des h\u00f4teliers, architectes et d\u00e9corateurs cr\u00e9atifs, exigeants et engag\u00e9s. Sp\u00e9cialis\u00e9e dans les accessoires en maille d\u2019exception, la Maison d\u00e9fend une fabrication 100 % fran\u00e7aise, respectueuse de l\u2019environnement. Ses cr\u00e9ations ont rejoint de nombreux \u00e9tablissements [&hellip;]<\/p>\n","protected":false},"author":1,"featured_media":0,"parent":0,"menu_order":0,"comment_status":"closed","ping_status":"closed","template":"elementor_header_footer","meta":{"footnotes":""},"categories":[],"tags":[],"class_list":["post-55","page","type-page","status-publish","hentry"],"_links":{"self":[{"href":"https:\/\/lamaisondelamaille.com\/index.php\/wp-json\/wp\/v2\/pages\/55","targetHints":{"allow":["GET"]}}],"collection":[{"href":"https:\/\/lamaisondelamaille.com\/index.php\/wp-json\/wp\/v2\/pages"}],"about":[{"href":"https:\/\/lamaisondelamaille.com\/index.php\/wp-json\/wp\/v2\/types\/page"}],"author":[{"embeddable":true,"href":"https:\/\/lamaisondelamaille.com\/index.php\/wp-json\/wp\/v2\/users\/1"}],"replies":[{"embeddable":true,"href":"https:\/\/lamaisondelamaille.com\/index.php\/wp-json\/wp\/v2\/comments?post=55"}],"version-history":[{"count":178,"href":"https:\/\/lamaisondelamaille.com\/index.php\/wp-json\/wp\/v2\/pages\/55\/revisions"}],"predecessor-version":[{"id":788,"href":"https:\/\/lamaisondelamaille.com\/index.php\/wp-json\/wp\/v2\/pages\/55\/revisions\/788"}],"wp:attachment":[{"href":"https:\/\/lamaisondelamaille.com\/index.php\/wp-json\/wp\/v2\/media?parent=55"}],"wp:term":[{"taxonomy":"category","embeddable":true,"href":"https:\/\/lamaisondelamaille.com\/index.php\/wp-json\/wp\/v2\/categories?post=55"},{"taxonomy":"post_tag","embeddable":true,"href":"https:\/\/lamaisondelamaille.com\/index.php\/wp-json\/wp\/v2\/tags?post=55"}],"curies":[{"name":"wp","href":"https:\/\/api.w.org\/{rel}","templated":true}]}}