{"id":65,"date":"2026-04-10T08:45:21","date_gmt":"2026-04-10T08:45:21","guid":{"rendered":"http:\/\/lamaisonhf.cluster021.hosting.ovh.net\/?page_id=65"},"modified":"2026-04-20T13:21:08","modified_gmt":"2026-04-20T13:21:08","slug":"contact","status":"publish","type":"page","link":"https:\/\/lamaisondelamaille.com\/index.php\/contact\/","title":{"rendered":"Contact"},"content":{"rendered":"\t\t<div data-elementor-type=\"wp-page\" data-elementor-id=\"65\" class=\"elementor elementor-65\">\n\t\t\t\t<div class=\"elementor-element elementor-element-ae993d2 e-flex e-con-boxed e-con e-parent\" data-id=\"ae993d2\" data-element_type=\"container\" data-e-type=\"container\">\n\t\t\t\t\t<div class=\"e-con-inner\">\n\t\t\t\t\t\t\t<h2 \n\t\tdata-interaction-id=\"555ecda\" \n\t\tclass=\"e-555ecda-2b7c0bd e-heading-base\" \n\t\t \n\t\t\n\t>\n\t\n\t\t\tNOUS CONTACTER\n\t\t<\/h2>\n\t\t\t\t\t<\/div>\n\t\t\t\t<\/div>\n\t\t<div class=\"elementor-element elementor-element-5cff49c e-flex e-con-boxed e-con e-parent\" data-id=\"5cff49c\" data-element_type=\"container\" data-e-type=\"container\">\n\t\t\t\t\t<div class=\"e-con-inner\">\n\t\t<div class=\"elementor-element elementor-element-3504e39 e-con-full e-flex e-con e-child\" data-id=\"3504e39\" data-element_type=\"container\" data-e-type=\"container\">\n\t\t\t\t\t\t\t\t<p class=\"e-408b671-6c86e0a e-paragraph-base\" data-interaction-id=\"408b671\"  >\n\t\t\t\t\t\t\t\t<strong id=\"e-mo03gmxz-vje108z\">Vous recherchez un partenaire pour donner vie \u00e0 vos projets en maille sur-mesure, au sein d\u2019univers d\u2019hospitalit\u00e9 d\u2019exception ?<\/strong><br>Vous souhaitez d\u00e9velopper des pi\u00e8ces uniques ou confier la production de cr\u00e9ations en maille (pr\u00eat-\u00e0-porter, haute couture, d\u00e9coration\u2026) ?<br>Ou tout simplement rejoindre une maison engag\u00e9e au c\u0153ur d\u2019un savoir-faire d\u2019excellence ?\n\t\t\t\t\t<\/p>\n\t\t\t\t\t\n<hr class=\"e-divider-base\" data-interaction-id=\"20d7136\"   \/>\n\t\t\t\t<\/div>\n\t\t\t\t\t<\/div>\n\t\t\t\t<\/div>\n\t\t<div class=\"elementor-element elementor-element-bc1b238 e-flex e-con-boxed e-con e-parent\" data-id=\"bc1b238\" data-element_type=\"container\" data-e-type=\"container\">\n\t\t\t\t\t<div class=\"e-con-inner\">\n\t\t<div class=\"elementor-element elementor-element-0030946 e-con-full e-flex e-con e-child\" data-id=\"0030946\" data-element_type=\"container\" data-e-type=\"container\">\n\t\t\t\t\t\t\t\n\t\t<img class=\"e-image-base e-191755f-950d5da\" \n\t\t\t\t\tdata-interaction-id=\"191755f\" \n\t\t \n\t\t \n\t\t\t\t\t\t\t\t\tid=\"401\"\n\t\t\t\t\t\t\t\t\t\t\t\tsrc=\"https:\/\/lamaisondelamaille.com\/wp-content\/uploads\/2026\/04\/2018_09_LMDLM_Logo_Positif_RVB-1-300x186.png\"\n\t\t\t\t\t\t\t\t\t\t\t\twidth=\"300\"\n\t\t\t\t\t\t\t\t\t\t\t\theight=\"186\"\n\t\t\t\t\t\t\t\t\t\t\t\tsrcset=\"https:\/\/lamaisondelamaille.com\/wp-content\/uploads\/2026\/04\/2018_09_LMDLM_Logo_Positif_RVB-1-300x186.png 300w, https:\/\/lamaisondelamaille.com\/wp-content\/uploads\/2026\/04\/2018_09_LMDLM_Logo_Positif_RVB-1-1024x635.png 1024w, https:\/\/lamaisondelamaille.com\/wp-content\/uploads\/2026\/04\/2018_09_LMDLM_Logo_Positif_RVB-1-768x476.png 768w, https:\/\/lamaisondelamaille.com\/wp-content\/uploads\/2026\/04\/2018_09_LMDLM_Logo_Positif_RVB-1-1536x952.png 1536w, https:\/\/lamaisondelamaille.com\/wp-content\/uploads\/2026\/04\/2018_09_LMDLM_Logo_Positif_RVB-1.png 1779w\"\n\t\t\t\t\t\t\t\t\t\t\t\talt=\"\"\n\t\t\t\t\t\t\/>\n\t\t\t\t\t<\/div>\n\t\t<div class=\"elementor-element elementor-element-d56b810 e-con-full e-flex e-con e-child\" data-id=\"d56b810\" data-element_type=\"container\" data-e-type=\"container\">\n\t\t\t\t\t\t\t\t<p class=\"e-79e1cf6-231164c e-paragraph-base\" data-interaction-id=\"79e1cf6\"  >\n\t\t\t\t\t\t\t\t4 Rue de la Maille<br>53410 Port-Brillet<br>FRANCE<br><br>contact@lamaisondelamaille.com<br>+33 2 43 68 80 85\n\t\t\t\t\t<\/p>\n\t\t\t\t<\/div>\n\t\t<div class=\"elementor-element elementor-element-33b9c1a e-con-full e-flex e-con e-child\" data-id=\"33b9c1a\" data-element_type=\"container\" data-e-type=\"container\">\n\t\t\t\t\t\t\t\n\t\t<img class=\"e-image-base e-4d54391-167a5b5\" \n\t\t\t\t\tdata-interaction-id=\"4d54391\" \n\t\t \n\t\t \n\t\t\t\t\t\t\t\t\tid=\"400\"\n\t\t\t\t\t\t\t\t\t\t\t\tsrc=\"https:\/\/lamaisondelamaille.com\/wp-content\/uploads\/2026\/04\/Maille-Creation-logotype-150x150.jpg\"\n\t\t\t\t\t\t\t\t\t\t\t\twidth=\"150\"\n\t\t\t\t\t\t\t\t\t\t\t\theight=\"150\"\n\t\t\t\t\t\t\t\t\t\t\t\tsrcset=\"https:\/\/lamaisondelamaille.com\/wp-content\/uploads\/2026\/04\/Maille-Creation-logotype-150x150.jpg 150w, https:\/\/lamaisondelamaille.com\/wp-content\/uploads\/2026\/04\/Maille-Creation-logotype-300x300.jpg 300w, https:\/\/lamaisondelamaille.com\/wp-content\/uploads\/2026\/04\/Maille-Creation-logotype.jpg 600w\"\n\t\t\t\t\t\t\t\t\t\t\t\talt=\"\"\n\t\t\t\t\t\t\/>\n\t\t\t\t\t<\/div>\n\t\t\t\t\t<\/div>\n\t\t\t\t<\/div>\n\t\t\t\t<a class=\"elementor-element elementor-element-bc1c3c0 e-con e-atomic-element e-flexbox-base e-bc1c3c0-600b229\" data-id=\"bc1c3c0\" data-element_type=\"e-flexbox\" data-e-type=\"e-flexbox\" data-interaction-id=\"bc1c3c0\"  href=\"mailto:contact@lamaisondelamaille.com\" target=\"_blank\">\n\t\t\t\t\t    \t            <button class=\"e-c91b60d-833af8a e-button-base\" data-interaction-id=\"c91b60d\"  >\n            Nous contacter\n        <\/button>\n    \t\t\t\t<\/a>\n\t\t<div class=\"elementor-element elementor-element-316bec9 e-flex e-con-boxed e-con e-parent\" data-id=\"316bec9\" data-element_type=\"container\" data-e-type=\"container\">\n\t\t\t\t\t<div class=\"e-con-inner\">\n\t\t\t\t<div class=\"elementor-element elementor-element-78e0af6 elementor-widget elementor-widget-html\" data-id=\"78e0af6\" data-element_type=\"widget\" data-e-type=\"widget\" data-widget_type=\"html.default\">\n\t\t\t\t\t<iframe \r\nsrc=\"https:\/\/www.google.com\/maps?q=4+Rue+de+la+Maille+53410+Port-Brillet&z=5&output=embed\" \r\nwidth=\"100%\" \r\nheight=\"600\" \r\nstyle=\"border:0;\" \r\nallowfullscreen=\"\" \r\nloading=\"lazy\">\r\n<\/iframe>\t\t\t\t<\/div>\n\t\t\t\t\t<\/div>\n\t\t\t\t<\/div>\n\t\t\t\t<\/div>\n\t\t","protected":false},"excerpt":{"rendered":"<p>NOUS CONTACTER Vous recherchez un partenaire pour donner vie \u00e0 vos projets en maille sur-mesure, au sein d\u2019univers d\u2019hospitalit\u00e9 d\u2019exception ?Vous souhaitez d\u00e9velopper des pi\u00e8ces uniques ou confier la production de cr\u00e9ations en maille (pr\u00eat-\u00e0-porter, haute couture, d\u00e9coration\u2026) ?Ou tout simplement rejoindre une maison engag\u00e9e au c\u0153ur d\u2019un savoir-faire d\u2019excellence ? 4 Rue de la [&hellip;]<\/p>\n","protected":false},"author":1,"featured_media":0,"parent":0,"menu_order":0,"comment_status":"closed","ping_status":"closed","template":"elementor_header_footer","meta":{"footnotes":""},"categories":[],"tags":[],"class_list":["post-65","page","type-page","status-publish","hentry"],"_links":{"self":[{"href":"https:\/\/lamaisondelamaille.com\/index.php\/wp-json\/wp\/v2\/pages\/65","targetHints":{"allow":["GET"]}}],"collection":[{"href":"https:\/\/lamaisondelamaille.com\/index.php\/wp-json\/wp\/v2\/pages"}],"about":[{"href":"https:\/\/lamaisondelamaille.com\/index.php\/wp-json\/wp\/v2\/types\/page"}],"author":[{"embeddable":true,"href":"https:\/\/lamaisondelamaille.com\/index.php\/wp-json\/wp\/v2\/users\/1"}],"replies":[{"embeddable":true,"href":"https:\/\/lamaisondelamaille.com\/index.php\/wp-json\/wp\/v2\/comments?post=65"}],"version-history":[{"count":43,"href":"https:\/\/lamaisondelamaille.com\/index.php\/wp-json\/wp\/v2\/pages\/65\/revisions"}],"predecessor-version":[{"id":797,"href":"https:\/\/lamaisondelamaille.com\/index.php\/wp-json\/wp\/v2\/pages\/65\/revisions\/797"}],"wp:attachment":[{"href":"https:\/\/lamaisondelamaille.com\/index.php\/wp-json\/wp\/v2\/media?parent=65"}],"wp:term":[{"taxonomy":"category","embeddable":true,"href":"https:\/\/lamaisondelamaille.com\/index.php\/wp-json\/wp\/v2\/categories?post=65"},{"taxonomy":"post_tag","embeddable":true,"href":"https:\/\/lamaisondelamaille.com\/index.php\/wp-json\/wp\/v2\/tags?post=65"}],"curies":[{"name":"wp","href":"https:\/\/api.w.org\/{rel}","templated":true}]}}